{"id":2,"date":"2023-08-08T16:20:16","date_gmt":"2023-08-08T16:20:16","guid":{"rendered":"http:\/\/box5505\/cgi\/addon_GT.cgi?s=GT::WP::Install::Cpanel+%28utopyjea%29+-+10.0.87.30+%5BWordpress%3b+\/var\/hp\/common\/lib\/Wordpress.pm%3b+534%3b+Hosting::gap_call%5D\/?page_id=2"},"modified":"2024-08-05T18:49:47","modified_gmt":"2024-08-05T18:49:47","slug":"sample-page","status":"publish","type":"page","link":"https:\/\/utopyjeans.com\/es\/sample-page\/","title":{"rendered":"Politicas de Seguridad"},"content":{"rendered":"<p class=\"\"><strong>Pol\u00edticas de Seguridad de Utopy Jeans<\/strong><\/p>\n\n\n\n<p class=\"\"><strong>UTOPYYJEANS.COM<\/strong><\/p>\n\n\n\n<p class=\"\">Implementamos todas las medidas de seguridad necesarias para proteger tu informaci\u00f3n personal. Seguimos los est\u00e1ndares m\u00e1s altos de la industria para garantizar que tus datos no sean utilizados de manera incorrecta, alterados o eliminados. Ciframos la informaci\u00f3n de tu tarjeta de cr\u00e9dito utilizando tecnolog\u00eda de encriptaci\u00f3n de \u00faltima generaci\u00f3n (SSL y AES-256). Adem\u00e1s, cumplimos con todos los requisitos de seguridad establecidos por el PCI-DSS.<\/p>\n\n\n\n<p class=\"\"><strong>PAGOS<\/strong><\/p>\n\n\n\n<p class=\"\">Los m\u00e9todos de pago utilizados por UTOPY JEANS y utopyjeans.com son proporcionados por terceros de confianza (AZUL). Estos proveedores cumplen con los m\u00e1s altos est\u00e1ndares de seguridad para proteger tu informaci\u00f3n. Solo utilizar\u00e1n los datos estrictamente necesarios para procesar tu pago. Te recomendamos revisar las pol\u00edticas de privacidad de estos proveedores para obtener m\u00e1s detalles sobre c\u00f3mo manejan la informaci\u00f3n suministrada.<\/p>","protected":false},"excerpt":{"rendered":"<p>Pol\u00edticas de Seguridad de Utopy Jeans UTOPYYJEANS.COM Implementamos todas las medidas de seguridad necesarias para proteger tu informaci\u00f3n personal. Seguimos los est\u00e1ndares m\u00e1s altos de la industria para garantizar que tus datos no sean utilizados de manera incorrecta, alterados o eliminados. Ciframos la informaci\u00f3n de tu tarjeta de cr\u00e9dito utilizando tecnolog\u00eda de encriptaci\u00f3n de \u00faltima&#8230;<\/p>","protected":false},"author":1,"featured_media":0,"parent":0,"menu_order":0,"comment_status":"closed","ping_status":"open","template":"","meta":{"nf_dc_page":"","footnotes":""},"class_list":["post-2","page","type-page","status-publish","hentry"],"yoast_head":"<!-- This site is optimized with the Yoast SEO plugin v27.3 - https:\/\/yoast.com\/product\/yoast-seo-wordpress\/ -->\n<title>Politicas de Seguridad - UTOPY<\/title>\n<meta name=\"robots\" content=\"index, follow, max-snippet:-1, max-image-preview:large, max-video-preview:-1\" \/>\n<link rel=\"canonical\" href=\"https:\/\/utopyjeans.com\/es\/sample-page\/\" \/>\n<meta property=\"og:locale\" content=\"es_ES\" \/>\n<meta property=\"og:type\" content=\"article\" \/>\n<meta property=\"og:title\" content=\"Politicas de Seguridad - UTOPY\" \/>\n<meta property=\"og:description\" content=\"Pol\u00edticas de Seguridad de Utopy Jeans UTOPYYJEANS.COM Implementamos todas las medidas de seguridad necesarias para proteger tu informaci\u00f3n personal. Seguimos los est\u00e1ndares m\u00e1s altos de la industria para garantizar que tus datos no sean utilizados de manera incorrecta, alterados o eliminados. Ciframos la informaci\u00f3n de tu tarjeta de cr\u00e9dito utilizando tecnolog\u00eda de encriptaci\u00f3n de \u00faltima...\" \/>\n<meta property=\"og:url\" content=\"https:\/\/utopyjeans.com\/es\/sample-page\/\" \/>\n<meta property=\"og:site_name\" content=\"UTOPY\" \/>\n<meta property=\"article:modified_time\" content=\"2024-08-05T18:49:47+00:00\" \/>\n<meta name=\"twitter:card\" content=\"summary_large_image\" \/>\n<meta name=\"twitter:label1\" content=\"Est. reading time\" \/>\n\t<meta name=\"twitter:data1\" content=\"1 minuto\" \/>\n<script type=\"application\/ld+json\" class=\"yoast-schema-graph\">{\"@context\":\"https:\\\/\\\/schema.org\",\"@graph\":[{\"@type\":\"WebPage\",\"@id\":\"https:\\\/\\\/utopyjeans.com\\\/sample-page\\\/\",\"url\":\"https:\\\/\\\/utopyjeans.com\\\/sample-page\\\/\",\"name\":\"Politicas de Seguridad - UTOPY\",\"isPartOf\":{\"@id\":\"http:\\\/\\\/box5505.temp.domains\\\/~utopyjea\\\/#website\"},\"datePublished\":\"2023-08-08T16:20:16+00:00\",\"dateModified\":\"2024-08-05T18:49:47+00:00\",\"breadcrumb\":{\"@id\":\"https:\\\/\\\/utopyjeans.com\\\/sample-page\\\/#breadcrumb\"},\"inLanguage\":\"es-DO\",\"potentialAction\":[{\"@type\":\"ReadAction\",\"target\":[\"https:\\\/\\\/utopyjeans.com\\\/sample-page\\\/\"]}]},{\"@type\":\"BreadcrumbList\",\"@id\":\"https:\\\/\\\/utopyjeans.com\\\/sample-page\\\/#breadcrumb\",\"itemListElement\":[{\"@type\":\"ListItem\",\"position\":1,\"name\":\"Home\",\"item\":\"https:\\\/\\\/utopyjeans.com\\\/\"},{\"@type\":\"ListItem\",\"position\":2,\"name\":\"Politicas de Seguridad\"}]},{\"@type\":\"WebSite\",\"@id\":\"http:\\\/\\\/box5505.temp.domains\\\/~utopyjea\\\/#website\",\"url\":\"http:\\\/\\\/box5505.temp.domains\\\/~utopyjea\\\/\",\"name\":\"UTOPY\",\"description\":\"DARE TO BE BOLD\",\"potentialAction\":[{\"@type\":\"SearchAction\",\"target\":{\"@type\":\"EntryPoint\",\"urlTemplate\":\"http:\\\/\\\/box5505.temp.domains\\\/~utopyjea\\\/?s={search_term_string}\"},\"query-input\":{\"@type\":\"PropertyValueSpecification\",\"valueRequired\":true,\"valueName\":\"search_term_string\"}}],\"inLanguage\":\"es-DO\"}]}<\/script>\n<!-- \/ Yoast SEO plugin. -->","yoast_head_json":{"title":"Politicas de Seguridad - UTOPY","robots":{"index":"index","follow":"follow","max-snippet":"max-snippet:-1","max-image-preview":"max-image-preview:large","max-video-preview":"max-video-preview:-1"},"canonical":"https:\/\/utopyjeans.com\/es\/sample-page\/","og_locale":"es_ES","og_type":"article","og_title":"Politicas de Seguridad - UTOPY","og_description":"Pol\u00edticas de Seguridad de Utopy Jeans UTOPYYJEANS.COM Implementamos todas las medidas de seguridad necesarias para proteger tu informaci\u00f3n personal. Seguimos los est\u00e1ndares m\u00e1s altos de la industria para garantizar que tus datos no sean utilizados de manera incorrecta, alterados o eliminados. Ciframos la informaci\u00f3n de tu tarjeta de cr\u00e9dito utilizando tecnolog\u00eda de encriptaci\u00f3n de \u00faltima...","og_url":"https:\/\/utopyjeans.com\/es\/sample-page\/","og_site_name":"UTOPY","article_modified_time":"2024-08-05T18:49:47+00:00","twitter_card":"summary_large_image","twitter_misc":{"Est. reading time":"1 minuto"},"schema":{"@context":"https:\/\/schema.org","@graph":[{"@type":"WebPage","@id":"https:\/\/utopyjeans.com\/sample-page\/","url":"https:\/\/utopyjeans.com\/sample-page\/","name":"Politicas de Seguridad - UTOPY","isPartOf":{"@id":"http:\/\/box5505.temp.domains\/~utopyjea\/#website"},"datePublished":"2023-08-08T16:20:16+00:00","dateModified":"2024-08-05T18:49:47+00:00","breadcrumb":{"@id":"https:\/\/utopyjeans.com\/sample-page\/#breadcrumb"},"inLanguage":"es-DO","potentialAction":[{"@type":"ReadAction","target":["https:\/\/utopyjeans.com\/sample-page\/"]}]},{"@type":"BreadcrumbList","@id":"https:\/\/utopyjeans.com\/sample-page\/#breadcrumb","itemListElement":[{"@type":"ListItem","position":1,"name":"Home","item":"https:\/\/utopyjeans.com\/"},{"@type":"ListItem","position":2,"name":"Politicas de Seguridad"}]},{"@type":"WebSite","@id":"http:\/\/box5505.temp.domains\/~utopyjea\/#website","url":"http:\/\/box5505.temp.domains\/~utopyjea\/","name":"UTOPY","description":"ATR\u00c9VETE A SER VALIENTE","potentialAction":[{"@type":"SearchAction","target":{"@type":"EntryPoint","urlTemplate":"http:\/\/box5505.temp.domains\/~utopyjea\/?s={search_term_string}"},"query-input":{"@type":"PropertyValueSpecification","valueRequired":true,"valueName":"search_term_string"}}],"inLanguage":"es-DO"}]}},"jetpack_sharing_enabled":true,"_links":{"self":[{"href":"https:\/\/utopyjeans.com\/es\/wp-json\/wp\/v2\/pages\/2","targetHints":{"allow":["GET"]}}],"collection":[{"href":"https:\/\/utopyjeans.com\/es\/wp-json\/wp\/v2\/pages"}],"about":[{"href":"https:\/\/utopyjeans.com\/es\/wp-json\/wp\/v2\/types\/page"}],"author":[{"embeddable":true,"href":"https:\/\/utopyjeans.com\/es\/wp-json\/wp\/v2\/users\/1"}],"replies":[{"embeddable":true,"href":"https:\/\/utopyjeans.com\/es\/wp-json\/wp\/v2\/comments?post=2"}],"version-history":[{"count":2,"href":"https:\/\/utopyjeans.com\/es\/wp-json\/wp\/v2\/pages\/2\/revisions"}],"predecessor-version":[{"id":5706,"href":"https:\/\/utopyjeans.com\/es\/wp-json\/wp\/v2\/pages\/2\/revisions\/5706"}],"wp:attachment":[{"href":"https:\/\/utopyjeans.com\/es\/wp-json\/wp\/v2\/media?parent=2"}],"curies":[{"name":"wp","href":"https:\/\/api.w.org\/{rel}","templated":true}]}}