{"id":880,"date":"2021-12-22T06:52:43","date_gmt":"2021-12-22T06:52:43","guid":{"rendered":"https:\/\/rockythemes.com\/creativo-shop\/?page_id=3"},"modified":"2024-08-05T18:44:12","modified_gmt":"2024-08-05T18:44:12","slug":"privacy-policy","status":"publish","type":"page","link":"https:\/\/utopyjeans.com\/es\/privacy-policy\/","title":{"rendered":"Pol\u00edtica de Privacidad"},"content":{"rendered":"<p class=\"\"><strong>Pol\u00edtica de Privacidad y Uso de Datos Personales de Utopy Jeans<\/strong><\/p>\n\n\n\n<p class=\"\">Al compartir nuestra Pol\u00edtica de Privacidad, buscamos ayudarte a comprender c\u00f3mo usamos tu informaci\u00f3n para ofrecerte mejores experiencias y asegurarnos de respetar tus derechos sobre tus datos personales. Cumpliremos con esta Pol\u00edtica de Privacidad de acuerdo con las leyes dominicanas.<\/p>\n\n\n\n<p class=\"\">El objetivo de esta Pol\u00edtica es explicar c\u00f3mo recopilamos, utilizamos y divulgamos tu informaci\u00f3n personal. Al utilizar los servicios de Utopy Jeans, aceptas las pr\u00e1cticas descritas aqu\u00ed.<\/p>\n\n\n\n<p class=\"\"><strong>Informaci\u00f3n que Recolectamos<\/strong><\/p>\n\n\n\n<p class=\"\">Recopilamos y almacenamos la informaci\u00f3n que nos proporcionas a trav\u00e9s de nuestro sitio web, aplicaciones m\u00f3viles o en nuestras tiendas. Esta informaci\u00f3n nos ayuda a brindarte nuestros servicios, procesar tus transacciones de manera eficiente y, en \u00faltima instancia, ofrecerte un mejor servicio al cliente.<\/p>\n\n\n\n<p class=\"\">Cuando utilizas nuestros servicios: Esto incluye realizar una compra, suscribirte a nuestro bolet\u00edn informativo, publicar una rese\u00f1a de un producto o interactuar con nosotros en las redes sociales.<\/p>\n\n\n\n<p class=\"\">Informaci\u00f3n que recibimos de terceros: Otras compa\u00f1\u00edas con las que hacemos negocios pueden enviarnos informaci\u00f3n personal adicional para ayudarnos a actualizar, expandir y analizar nuestros registros e identificar nuevos clientes.<\/p>\n\n\n\n<p class=\"\">Redes sociales: Interactuamos con los clientes en varias plataformas de redes sociales. Las comunicaciones a trav\u00e9s de estas plataformas se rigen por esta pol\u00edtica y la pol\u00edtica de la plataforma de redes sociales correspondiente.<\/p>\n\n\n\n<p class=\"\"><strong>C\u00f3mo utilizamos tu informaci\u00f3n<\/strong><\/p>\n\n\n\n<p class=\"\">Utilizamos tu informaci\u00f3n para los siguientes prop\u00f3sitos:<\/p>\n\n\n\n<ul class=\"wp-block-list\">\n<li class=\"\"><strong>Facilitar tus compras:<\/strong> Esto incluye procesar tu pedido y pago, enviar tu pedido, brindarte asistencia t\u00e9cnica y comunicarnos contigo por correo electr\u00f3nico.<\/li>\n\n\n\n<li class=\"\"><strong>Para fines de marketing:<\/strong> Podemos utilizar tu informaci\u00f3n para enviarte ofertas y promociones personalizadas.<\/li>\n<\/ul>\n\n\n\n<p class=\"\"><strong>C\u00f3mo compartimos tu informaci\u00f3n<\/strong><\/p>\n\n\n\n<p class=\"\">Respetamos tu privacidad. Solo compartimos tu informaci\u00f3n en las siguientes circunstancias:<\/p>\n\n\n\n<ul class=\"wp-block-list\">\n<li class=\"\"><strong>Con nuestras afiliadas:<\/strong> Podemos compartir tu informaci\u00f3n con otras entidades de Utopy Jeans para fines espec\u00edficos relacionados con la operaci\u00f3n de nuestro negocio.<\/li>\n\n\n\n<li class=\"\"><strong>Para cumplir con obligaciones legales:<\/strong> Podemos compartir tu informaci\u00f3n para cumplir con la ley o para proteger nuestros derechos o los derechos de otros.<\/li>\n<\/ul>\n\n\n\n<p class=\"\"><strong>Tus Opciones<\/strong><\/p>\n\n\n\n<p class=\"\">Tienes el control sobre tu informaci\u00f3n. Puedes:<\/p>\n\n\n\n<ul class=\"wp-block-list\">\n<li class=\"\"><strong>Optar por no recibir comunicaciones de marketing:<\/strong> Puedes dejar de recibir correos electr\u00f3nicos, correos directos y comunicaciones telef\u00f3nicas de marketing o promocionales en cualquier momento.<\/li>\n\n\n\n<li class=\"\"><strong>Actualizar tu informaci\u00f3n:<\/strong> Puedes actualizar tu informaci\u00f3n personal cuando lo desees.<\/li>\n\n\n\n<li class=\"\"><strong>Desactivar tu cuenta:<\/strong> Puedes desactivar tu cuenta en cualquier momento.<\/li>\n<\/ul>\n\n\n\n<p class=\"\"><strong>Seguridad de tu Informaci\u00f3n<\/strong><\/p>\n\n\n\n<p class=\"\">Tomamos la seguridad de tu informaci\u00f3n personal muy en serio. Utilizamos tecnolog\u00eda de encriptaci\u00f3n para proteger tu informaci\u00f3n durante la transmisi\u00f3n y almacenamiento. Implementamos medidas de seguridad para proteger tus datos contra p\u00e9rdida, mal uso, alteraci\u00f3n y acceso no autorizado.<\/p>\n\n\n\n<p class=\"\"><strong>Actualizaciones a esta Pol\u00edtica de Privacidad<\/strong><\/p>\n\n\n\n<p class=\"\">Podemos actualizar esta Pol\u00edtica de Privacidad de vez en cuando. Te notificaremos sobre cualquier cambio publicando un aviso en nuestro sitio web.<\/p>\n\n\n\n<p class=\"\">Si tienes alguna pregunta sobre nuestra Pol\u00edtica de Privacidad, por favor cont\u00e1ctanos a trav\u00e9s de info@utopyjeans.com<\/p>","protected":false},"excerpt":{"rendered":"<p>Pol\u00edtica de Privacidad y Uso de Datos Personales de Utopy Jeans Al compartir nuestra Pol\u00edtica de Privacidad, buscamos ayudarte a comprender c\u00f3mo usamos tu informaci\u00f3n para ofrecerte mejores experiencias y asegurarnos de respetar tus derechos sobre tus datos personales. Cumpliremos con esta Pol\u00edtica de Privacidad de acuerdo con las leyes dominicanas. El objetivo de esta&#8230;<\/p>","protected":false},"author":1,"featured_media":0,"parent":0,"menu_order":0,"comment_status":"closed","ping_status":"open","template":"","meta":{"nf_dc_page":"","footnotes":""},"class_list":["post-880","page","type-page","status-publish","hentry"],"yoast_head":"<!-- This site is optimized with the Yoast SEO plugin v27.3 - https:\/\/yoast.com\/product\/yoast-seo-wordpress\/ -->\n<title>Pol\u00edtica de Privacidad - UTOPY<\/title>\n<meta name=\"robots\" content=\"index, follow, max-snippet:-1, max-image-preview:large, max-video-preview:-1\" \/>\n<link rel=\"canonical\" href=\"https:\/\/utopyjeans.com\/es\/privacy-policy\/\" \/>\n<meta property=\"og:locale\" content=\"es_ES\" \/>\n<meta property=\"og:type\" content=\"article\" \/>\n<meta property=\"og:title\" content=\"Pol\u00edtica de Privacidad - UTOPY\" \/>\n<meta property=\"og:description\" content=\"Pol\u00edtica de Privacidad y Uso de Datos Personales de Utopy Jeans Al compartir nuestra Pol\u00edtica de Privacidad, buscamos ayudarte a comprender c\u00f3mo usamos tu informaci\u00f3n para ofrecerte mejores experiencias y asegurarnos de respetar tus derechos sobre tus datos personales. Cumpliremos con esta Pol\u00edtica de Privacidad de acuerdo con las leyes dominicanas. El objetivo de esta...\" \/>\n<meta property=\"og:url\" content=\"https:\/\/utopyjeans.com\/es\/privacy-policy\/\" \/>\n<meta property=\"og:site_name\" content=\"UTOPY\" \/>\n<meta property=\"article:modified_time\" content=\"2024-08-05T18:44:12+00:00\" \/>\n<meta name=\"twitter:card\" content=\"summary_large_image\" \/>\n<meta name=\"twitter:label1\" content=\"Est. reading time\" \/>\n\t<meta name=\"twitter:data1\" content=\"3 minutos\" \/>\n<script type=\"application\/ld+json\" class=\"yoast-schema-graph\">{\"@context\":\"https:\\\/\\\/schema.org\",\"@graph\":[{\"@type\":\"WebPage\",\"@id\":\"https:\\\/\\\/utopyjeans.com\\\/privacy-policy\\\/\",\"url\":\"https:\\\/\\\/utopyjeans.com\\\/privacy-policy\\\/\",\"name\":\"Pol\u00edtica de Privacidad - UTOPY\",\"isPartOf\":{\"@id\":\"http:\\\/\\\/box5505.temp.domains\\\/~utopyjea\\\/#website\"},\"datePublished\":\"2021-12-22T06:52:43+00:00\",\"dateModified\":\"2024-08-05T18:44:12+00:00\",\"breadcrumb\":{\"@id\":\"https:\\\/\\\/utopyjeans.com\\\/privacy-policy\\\/#breadcrumb\"},\"inLanguage\":\"es-DO\",\"potentialAction\":[{\"@type\":\"ReadAction\",\"target\":[\"https:\\\/\\\/utopyjeans.com\\\/privacy-policy\\\/\"]}]},{\"@type\":\"BreadcrumbList\",\"@id\":\"https:\\\/\\\/utopyjeans.com\\\/privacy-policy\\\/#breadcrumb\",\"itemListElement\":[{\"@type\":\"ListItem\",\"position\":1,\"name\":\"Home\",\"item\":\"https:\\\/\\\/utopyjeans.com\\\/\"},{\"@type\":\"ListItem\",\"position\":2,\"name\":\"Pol\u00edtica de Privacidad\"}]},{\"@type\":\"WebSite\",\"@id\":\"http:\\\/\\\/box5505.temp.domains\\\/~utopyjea\\\/#website\",\"url\":\"http:\\\/\\\/box5505.temp.domains\\\/~utopyjea\\\/\",\"name\":\"UTOPY\",\"description\":\"DARE TO BE BOLD\",\"potentialAction\":[{\"@type\":\"SearchAction\",\"target\":{\"@type\":\"EntryPoint\",\"urlTemplate\":\"http:\\\/\\\/box5505.temp.domains\\\/~utopyjea\\\/?s={search_term_string}\"},\"query-input\":{\"@type\":\"PropertyValueSpecification\",\"valueRequired\":true,\"valueName\":\"search_term_string\"}}],\"inLanguage\":\"es-DO\"}]}<\/script>\n<!-- \/ Yoast SEO plugin. -->","yoast_head_json":{"title":"Pol\u00edtica de Privacidad - UTOPY","robots":{"index":"index","follow":"follow","max-snippet":"max-snippet:-1","max-image-preview":"max-image-preview:large","max-video-preview":"max-video-preview:-1"},"canonical":"https:\/\/utopyjeans.com\/es\/privacy-policy\/","og_locale":"es_ES","og_type":"article","og_title":"Pol\u00edtica de Privacidad - UTOPY","og_description":"Pol\u00edtica de Privacidad y Uso de Datos Personales de Utopy Jeans Al compartir nuestra Pol\u00edtica de Privacidad, buscamos ayudarte a comprender c\u00f3mo usamos tu informaci\u00f3n para ofrecerte mejores experiencias y asegurarnos de respetar tus derechos sobre tus datos personales. Cumpliremos con esta Pol\u00edtica de Privacidad de acuerdo con las leyes dominicanas. El objetivo de esta...","og_url":"https:\/\/utopyjeans.com\/es\/privacy-policy\/","og_site_name":"UTOPY","article_modified_time":"2024-08-05T18:44:12+00:00","twitter_card":"summary_large_image","twitter_misc":{"Est. reading time":"3 minutos"},"schema":{"@context":"https:\/\/schema.org","@graph":[{"@type":"WebPage","@id":"https:\/\/utopyjeans.com\/privacy-policy\/","url":"https:\/\/utopyjeans.com\/privacy-policy\/","name":"Pol\u00edtica de Privacidad - UTOPY","isPartOf":{"@id":"http:\/\/box5505.temp.domains\/~utopyjea\/#website"},"datePublished":"2021-12-22T06:52:43+00:00","dateModified":"2024-08-05T18:44:12+00:00","breadcrumb":{"@id":"https:\/\/utopyjeans.com\/privacy-policy\/#breadcrumb"},"inLanguage":"es-DO","potentialAction":[{"@type":"ReadAction","target":["https:\/\/utopyjeans.com\/privacy-policy\/"]}]},{"@type":"BreadcrumbList","@id":"https:\/\/utopyjeans.com\/privacy-policy\/#breadcrumb","itemListElement":[{"@type":"ListItem","position":1,"name":"Home","item":"https:\/\/utopyjeans.com\/"},{"@type":"ListItem","position":2,"name":"Pol\u00edtica de Privacidad"}]},{"@type":"WebSite","@id":"http:\/\/box5505.temp.domains\/~utopyjea\/#website","url":"http:\/\/box5505.temp.domains\/~utopyjea\/","name":"UTOPY","description":"ATR\u00c9VETE A SER VALIENTE","potentialAction":[{"@type":"SearchAction","target":{"@type":"EntryPoint","urlTemplate":"http:\/\/box5505.temp.domains\/~utopyjea\/?s={search_term_string}"},"query-input":{"@type":"PropertyValueSpecification","valueRequired":true,"valueName":"search_term_string"}}],"inLanguage":"es-DO"}]}},"jetpack_sharing_enabled":true,"_links":{"self":[{"href":"https:\/\/utopyjeans.com\/es\/wp-json\/wp\/v2\/pages\/880","targetHints":{"allow":["GET"]}}],"collection":[{"href":"https:\/\/utopyjeans.com\/es\/wp-json\/wp\/v2\/pages"}],"about":[{"href":"https:\/\/utopyjeans.com\/es\/wp-json\/wp\/v2\/types\/page"}],"author":[{"embeddable":true,"href":"https:\/\/utopyjeans.com\/es\/wp-json\/wp\/v2\/users\/1"}],"replies":[{"embeddable":true,"href":"https:\/\/utopyjeans.com\/es\/wp-json\/wp\/v2\/comments?post=880"}],"version-history":[{"count":1,"href":"https:\/\/utopyjeans.com\/es\/wp-json\/wp\/v2\/pages\/880\/revisions"}],"predecessor-version":[{"id":5700,"href":"https:\/\/utopyjeans.com\/es\/wp-json\/wp\/v2\/pages\/880\/revisions\/5700"}],"wp:attachment":[{"href":"https:\/\/utopyjeans.com\/es\/wp-json\/wp\/v2\/media?parent=880"}],"curies":[{"name":"wp","href":"https:\/\/api.w.org\/{rel}","templated":true}]}}