{"id":881,"date":"2024-08-05T18:44:10","date_gmt":"2024-08-05T18:44:10","guid":{"rendered":"https:\/\/rockythemes.com\/creativo-shop\/?page_id=12"},"modified":"2024-12-11T12:22:48","modified_gmt":"2024-12-11T12:22:48","slug":"refund_returns","status":"publish","type":"page","link":"https:\/\/utopyjeans.com\/es\/refund_returns\/","title":{"rendered":"Modalidades de Entrega\u00a0"},"content":{"rendered":"<p class=\"\"><strong>Modalidades de Entrega:<\/strong><\/p>\n\n\n\n<p class=\"\">Como cliente puedes elegir entre las opciones de\u202f<strong>Entrega a Domicilio<\/strong>\u202fo\u202f<strong>Recogida en F\u00e1brica.\u00a0<\/strong><\/p>\n\n\n\n<p class=\"\">Las ordenes generadas despu\u00e9s de las 4:00pm ser\u00e1n consideradas en nuestro sistema como ordenes del d\u00eda siguiente.\u00a0<\/p>\n\n\n\n<p class=\"\"><strong>Recogida en f\u00e1brica:<\/strong>\u00a0<\/p>\n\n\n\n<ul class=\"wp-block-list\">\n<li class=\"\">Puntos de retiro: Utopy Jeans,&nbsp; Ensanche Quisqueya, Calle Bohechio #33<\/li>\n\n\n\n<li class=\"\">El rango de horario para pedidos de Recogida en Tienda es de Lunes a Viernes de 10:00am a 5:00pm exceptuando d\u00edas feriados.<\/li>\n\n\n\n<li class=\"\">Tendr\u00e1s 15 d\u00edas para recoger tu orden, luego de la creaci\u00f3n de la misma. En caso que se cumplan los 15 d\u00edas, y no hayas pasado a recoger tu orden, procederemos a realizar una Nota de Cr\u00e9dito a tu nombre y por el monto de esta, la cual debe de ser recogida en una de nuestras tiendas.\u00a0<\/li>\n<\/ul>\n\n\n\n<p class=\"\"><strong>Entrega a Domicilio:<\/strong>&nbsp;<\/p>\n\n\n\n<ul class=\"wp-block-list\">\n<li class=\"\">Realizamos entregas a domicilio en toda Rep\u00fablica Dominicana.<\/li>\n\n\n\n<li class=\"\">Las entregas a domicilio se entregan entre 1-5 d\u00edas laborables despu\u00e9s de realizada la compra, sin embargo, el tiempo de entrega puede verse afectado por desastres natural y otras causas de fuerza mayor.<\/li>\n\n\n\n<li class=\"\">Para pedidos de Entrega a Domicilio el horario es de Lunes a Viernes de 10:00am a 4:00pm. Las entregas no se realizar\u00e1n en d\u00edas festivos, ni S\u00e1bados ni Domingos.\u00a0<\/li>\n\n\n\n<li class=\"\">Te estaremos notificando al momento de llegada a la direcci\u00f3n de entrega. Si no se logra hacer la entrega, se har\u00e1 un segundo intento. Ya para el tercer intento, te volveremos a contactar para coordinar una entrega futura. Si no se logra este tercer intento, te enviaremos el pedido a la tienda f\u00edsica de Utopy Jeans donde tendr\u00e1s un m\u00e1ximo de 21 d\u00edas para pasar a recoger tu pedido. En caso de que se cumplan los 21 d\u00edas, y no se haya recogido el pedido, se proceder\u00e1 a hacer una Nota de Cr\u00e9dito y se devolver\u00e1 el pedido a nuestro almac\u00e9n.<\/li>\n<\/ul>\n\n\n\n<ul class=\"wp-block-list\">\n<li class=\"\">Al momento de recibir el pedido, debes identificarte presentando tu c\u00e9dula o pasaporte vigente. En caso de que no seas t\u00fa (el mismo cliente) quien reciba el producto, debes autorizar a un tercero a recibirlo, indicando previamente en la p\u00e1gina en linea de Utopy Jeans el nombre y c\u00e9dula o pasaporte de esta persona. Ya seas t\u00fa, o el tercero autorizado quien reciba, se debe firmar el Conduce de Recibo Conforme como se\u00f1al de aceptaci\u00f3n.&nbsp;<\/li>\n\n\n\n<li class=\"\">Nuestras tarifas de env\u00edos y procesos relacionados incluyen el procesamiento, manejo y empaque del pedido. La tarifa de env\u00edo tiene un m\u00ednimo costo de RD$250.00 para pedidos menores de RD$20,000.00; a partir de este monto el env\u00edo puede variar entre costo 0 y un monto a ser determinado al momento del env\u00edo. El cliente ser\u00e1 contactado para confirmar el monto antes de enviar la mercancia.<\/li>\n\n\n\n<li class=\"\">Es tu responsabilidad como cliente la exactitud de tus datos e informaci\u00f3n de direcci\u00f3n ingresados; esto es para realizar una correcta y oportuna entrega de los pedidos. Esas entregas se hacen en el domicilio indicado al momento de generar la orden en nuestra p\u00e1gina; una vez procesado no puede modificarse la direcci\u00f3n de entrega.<\/li>\n\n\n\n<li class=\"\">Para temporadas altas (Black Friday, Navidad, D\u00eda de las Madres) los compromisos de entrega ser\u00e1n de 1 a 15 d\u00edas laborables.\u00a0<\/li>\n<\/ul>\n\n\n\n<p class=\"\"><\/p>","protected":false},"excerpt":{"rendered":"<p>Modalidades de Entrega: Como cliente puedes elegir entre las opciones de\u202fEntrega a Domicilio\u202fo\u202fRecogida en F\u00e1brica.\u00a0 Las ordenes generadas despu\u00e9s de las 4:00pm ser\u00e1n consideradas en nuestro sistema como ordenes del d\u00eda siguiente.\u00a0 Recogida en f\u00e1brica:\u00a0 Entrega a Domicilio:&nbsp;<\/p>","protected":false},"author":1,"featured_media":0,"parent":0,"menu_order":0,"comment_status":"closed","ping_status":"closed","template":"","meta":{"nf_dc_page":"","footnotes":""},"class_list":["post-881","page","type-page","status-publish","hentry"],"yoast_head":"<!-- This site is optimized with the Yoast SEO plugin v27.3 - https:\/\/yoast.com\/product\/yoast-seo-wordpress\/ -->\n<title>Modalidades de Entrega\u00a0 - UTOPY<\/title>\n<meta name=\"robots\" content=\"index, follow, max-snippet:-1, max-image-preview:large, max-video-preview:-1\" \/>\n<link rel=\"canonical\" href=\"https:\/\/utopyjeans.com\/es\/refund_returns\/\" \/>\n<meta property=\"og:locale\" content=\"es_ES\" \/>\n<meta property=\"og:type\" content=\"article\" \/>\n<meta property=\"og:title\" content=\"Modalidades de Entrega\u00a0 - UTOPY\" \/>\n<meta property=\"og:description\" content=\"Modalidades de Entrega: Como cliente puedes elegir entre las opciones de\u202fEntrega a Domicilio\u202fo\u202fRecogida en F\u00e1brica.\u00a0 Las ordenes generadas despu\u00e9s de las 4:00pm ser\u00e1n consideradas en nuestro sistema como ordenes del d\u00eda siguiente.\u00a0 Recogida en f\u00e1brica:\u00a0 Entrega a Domicilio:&nbsp;\" \/>\n<meta property=\"og:url\" content=\"https:\/\/utopyjeans.com\/es\/refund_returns\/\" \/>\n<meta property=\"og:site_name\" content=\"UTOPY\" \/>\n<meta property=\"article:modified_time\" content=\"2024-12-11T12:22:48+00:00\" \/>\n<meta name=\"twitter:card\" content=\"summary_large_image\" \/>\n<meta name=\"twitter:label1\" content=\"Est. reading time\" \/>\n\t<meta name=\"twitter:data1\" content=\"3 minutos\" \/>\n<script type=\"application\/ld+json\" class=\"yoast-schema-graph\">{\"@context\":\"https:\\\/\\\/schema.org\",\"@graph\":[{\"@type\":\"WebPage\",\"@id\":\"https:\\\/\\\/utopyjeans.com\\\/refund_returns\\\/\",\"url\":\"https:\\\/\\\/utopyjeans.com\\\/refund_returns\\\/\",\"name\":\"Modalidades de Entrega\u00a0 - UTOPY\",\"isPartOf\":{\"@id\":\"http:\\\/\\\/box5505.temp.domains\\\/~utopyjea\\\/#website\"},\"datePublished\":\"2024-08-05T18:44:10+00:00\",\"dateModified\":\"2024-12-11T12:22:48+00:00\",\"breadcrumb\":{\"@id\":\"https:\\\/\\\/utopyjeans.com\\\/refund_returns\\\/#breadcrumb\"},\"inLanguage\":\"es-DO\",\"potentialAction\":[{\"@type\":\"ReadAction\",\"target\":[\"https:\\\/\\\/utopyjeans.com\\\/refund_returns\\\/\"]}]},{\"@type\":\"BreadcrumbList\",\"@id\":\"https:\\\/\\\/utopyjeans.com\\\/refund_returns\\\/#breadcrumb\",\"itemListElement\":[{\"@type\":\"ListItem\",\"position\":1,\"name\":\"Home\",\"item\":\"https:\\\/\\\/utopyjeans.com\\\/\"},{\"@type\":\"ListItem\",\"position\":2,\"name\":\"Modalidades de Entrega\u00a0\"}]},{\"@type\":\"WebSite\",\"@id\":\"http:\\\/\\\/box5505.temp.domains\\\/~utopyjea\\\/#website\",\"url\":\"http:\\\/\\\/box5505.temp.domains\\\/~utopyjea\\\/\",\"name\":\"UTOPY\",\"description\":\"DARE TO BE BOLD\",\"potentialAction\":[{\"@type\":\"SearchAction\",\"target\":{\"@type\":\"EntryPoint\",\"urlTemplate\":\"http:\\\/\\\/box5505.temp.domains\\\/~utopyjea\\\/?s={search_term_string}\"},\"query-input\":{\"@type\":\"PropertyValueSpecification\",\"valueRequired\":true,\"valueName\":\"search_term_string\"}}],\"inLanguage\":\"es-DO\"}]}<\/script>\n<!-- \/ Yoast SEO plugin. -->","yoast_head_json":{"title":"Modalidades de Entrega\u00a0 - UTOPY","robots":{"index":"index","follow":"follow","max-snippet":"max-snippet:-1","max-image-preview":"max-image-preview:large","max-video-preview":"max-video-preview:-1"},"canonical":"https:\/\/utopyjeans.com\/es\/refund_returns\/","og_locale":"es_ES","og_type":"article","og_title":"Modalidades de Entrega\u00a0 - UTOPY","og_description":"Modalidades de Entrega: Como cliente puedes elegir entre las opciones de\u202fEntrega a Domicilio\u202fo\u202fRecogida en F\u00e1brica.\u00a0 Las ordenes generadas despu\u00e9s de las 4:00pm ser\u00e1n consideradas en nuestro sistema como ordenes del d\u00eda siguiente.\u00a0 Recogida en f\u00e1brica:\u00a0 Entrega a Domicilio:&nbsp;","og_url":"https:\/\/utopyjeans.com\/es\/refund_returns\/","og_site_name":"UTOPY","article_modified_time":"2024-12-11T12:22:48+00:00","twitter_card":"summary_large_image","twitter_misc":{"Est. reading time":"3 minutos"},"schema":{"@context":"https:\/\/schema.org","@graph":[{"@type":"WebPage","@id":"https:\/\/utopyjeans.com\/refund_returns\/","url":"https:\/\/utopyjeans.com\/refund_returns\/","name":"Modalidades de Entrega\u00a0 - UTOPY","isPartOf":{"@id":"http:\/\/box5505.temp.domains\/~utopyjea\/#website"},"datePublished":"2024-08-05T18:44:10+00:00","dateModified":"2024-12-11T12:22:48+00:00","breadcrumb":{"@id":"https:\/\/utopyjeans.com\/refund_returns\/#breadcrumb"},"inLanguage":"es-DO","potentialAction":[{"@type":"ReadAction","target":["https:\/\/utopyjeans.com\/refund_returns\/"]}]},{"@type":"BreadcrumbList","@id":"https:\/\/utopyjeans.com\/refund_returns\/#breadcrumb","itemListElement":[{"@type":"ListItem","position":1,"name":"Home","item":"https:\/\/utopyjeans.com\/"},{"@type":"ListItem","position":2,"name":"Modalidades de Entrega\u00a0"}]},{"@type":"WebSite","@id":"http:\/\/box5505.temp.domains\/~utopyjea\/#website","url":"http:\/\/box5505.temp.domains\/~utopyjea\/","name":"UTOPY","description":"ATR\u00c9VETE A SER VALIENTE","potentialAction":[{"@type":"SearchAction","target":{"@type":"EntryPoint","urlTemplate":"http:\/\/box5505.temp.domains\/~utopyjea\/?s={search_term_string}"},"query-input":{"@type":"PropertyValueSpecification","valueRequired":true,"valueName":"search_term_string"}}],"inLanguage":"es-DO"}]}},"jetpack_sharing_enabled":true,"_links":{"self":[{"href":"https:\/\/utopyjeans.com\/es\/wp-json\/wp\/v2\/pages\/881","targetHints":{"allow":["GET"]}}],"collection":[{"href":"https:\/\/utopyjeans.com\/es\/wp-json\/wp\/v2\/pages"}],"about":[{"href":"https:\/\/utopyjeans.com\/es\/wp-json\/wp\/v2\/types\/page"}],"author":[{"embeddable":true,"href":"https:\/\/utopyjeans.com\/es\/wp-json\/wp\/v2\/users\/1"}],"replies":[{"embeddable":true,"href":"https:\/\/utopyjeans.com\/es\/wp-json\/wp\/v2\/comments?post=881"}],"version-history":[{"count":5,"href":"https:\/\/utopyjeans.com\/es\/wp-json\/wp\/v2\/pages\/881\/revisions"}],"predecessor-version":[{"id":6435,"href":"https:\/\/utopyjeans.com\/es\/wp-json\/wp\/v2\/pages\/881\/revisions\/6435"}],"wp:attachment":[{"href":"https:\/\/utopyjeans.com\/es\/wp-json\/wp\/v2\/media?parent=881"}],"curies":[{"name":"wp","href":"https:\/\/api.w.org\/{rel}","templated":true}]}}