{"id":8379,"date":"2025-04-07T22:56:36","date_gmt":"2025-04-07T22:56:36","guid":{"rendered":"https:\/\/utopyjeans.com\/?post_type=product&#038;p=8379"},"modified":"2026-01-24T20:00:46","modified_gmt":"2026-01-24T20:00:46","slug":"cielo","status":"publish","type":"product","link":"https:\/\/utopyjeans.com\/es\/product\/cielo\/","title":{"rendered":"CIELO"},"content":{"rendered":"<p><strong>Chemise: Elegancia y Versatilidad <\/strong><\/p>\n<p><strong>CHEMISE <\/strong>est\u00e1 dise\u00f1ada para quienes buscan el equilibrio perfecto entre estilo y comodidad. Confeccionada con materiales de alta calidad y una atenci\u00f3n meticulosa a los detalles, cada pieza representa sofisticaci\u00f3n y modernidad.<\/p>\n<p>Ya sea para un look casual o para una ocasi\u00f3n especial, nuestras camisas se adaptan a tu estilo, ofreciendo versatilidad y distinci\u00f3n en cada uso.<\/p>\n<p>Explora la colecci\u00f3n y encuentra la chemise perfecta para ti.<\/p>\n<p>&nbsp;<\/p>","protected":false},"excerpt":{"rendered":"<p>Chemise: Elegancia y Versatilidad CHEMISE est\u00e1 dise\u00f1ada para quienes buscan el equilibrio perfecto entre estilo y comodidad. Confeccionada con materiales de alta calidad y una atenci\u00f3n meticulosa a los detalles, cada pieza representa sofisticaci\u00f3n y modernidad. Ya sea para un look casual o para una ocasi\u00f3n especial, nuestras camisas se adaptan a tu estilo, ofreciendo&#8230;<\/p>","protected":false},"featured_media":6780,"template":"","meta":{"nf_dc_page":""},"product_brand":[],"product_cat":[91],"product_tag":[168],"class_list":{"0":"post-8379","1":"product","2":"type-product","3":"status-publish","4":"has-post-thumbnail","6":"product_cat-shirts","7":"product_tag-man","9":"first","10":"instock","11":"shipping-taxable","12":"purchasable","13":"product-type-variable"},"yoast_head":"<!-- This site is optimized with the Yoast SEO plugin v27.3 - https:\/\/yoast.com\/product\/yoast-seo-wordpress\/ -->\n<title>CIELO - UTOPY<\/title>\n<meta name=\"robots\" content=\"index, follow, max-snippet:-1, max-image-preview:large, max-video-preview:-1\" \/>\n<link rel=\"canonical\" href=\"https:\/\/utopyjeans.com\/es\/product\/cielo\/\" \/>\n<meta property=\"og:locale\" content=\"es_ES\" \/>\n<meta property=\"og:type\" content=\"article\" \/>\n<meta property=\"og:title\" content=\"CIELO - UTOPY\" \/>\n<meta property=\"og:description\" content=\"Chemise: Elegancia y Versatilidad CHEMISE est\u00e1 dise\u00f1ada para quienes buscan el equilibrio perfecto entre estilo y comodidad. Confeccionada con materiales de alta calidad y una atenci\u00f3n meticulosa a los detalles, cada pieza representa sofisticaci\u00f3n y modernidad. Ya sea para un look casual o para una ocasi\u00f3n especial, nuestras camisas se adaptan a tu estilo, ofreciendo...\" \/>\n<meta property=\"og:url\" content=\"https:\/\/utopyjeans.com\/es\/product\/cielo\/\" \/>\n<meta property=\"og:site_name\" content=\"UTOPY\" \/>\n<meta property=\"article:modified_time\" content=\"2026-01-24T20:00:46+00:00\" \/>\n<meta property=\"og:image\" content=\"https:\/\/utopyjeans.com\/wp-content\/uploads\/2025\/03\/11-Photoroom-5.png\" \/>\n\t<meta property=\"og:image:width\" content=\"1080\" \/>\n\t<meta property=\"og:image:height\" content=\"1080\" \/>\n\t<meta property=\"og:image:type\" content=\"image\/png\" \/>\n<meta name=\"twitter:card\" content=\"summary_large_image\" \/>\n<meta name=\"twitter:label1\" content=\"Est. reading time\" \/>\n\t<meta name=\"twitter:data1\" content=\"1 minuto\" \/>\n<script type=\"application\/ld+json\" class=\"yoast-schema-graph\">{\"@context\":\"https:\\\/\\\/schema.org\",\"@graph\":[{\"@type\":\"WebPage\",\"@id\":\"https:\\\/\\\/utopyjeans.com\\\/product\\\/cielo\\\/\",\"url\":\"https:\\\/\\\/utopyjeans.com\\\/product\\\/cielo\\\/\",\"name\":\"CIELO - UTOPY\",\"isPartOf\":{\"@id\":\"http:\\\/\\\/box5505.temp.domains\\\/~utopyjea\\\/#website\"},\"primaryImageOfPage\":{\"@id\":\"https:\\\/\\\/utopyjeans.com\\\/product\\\/cielo\\\/#primaryimage\"},\"image\":{\"@id\":\"https:\\\/\\\/utopyjeans.com\\\/product\\\/cielo\\\/#primaryimage\"},\"thumbnailUrl\":\"https:\\\/\\\/i0.wp.com\\\/utopyjeans.com\\\/wp-content\\\/uploads\\\/2025\\\/03\\\/11-Photoroom-5.png?fit=1080%2C1080&ssl=1\",\"datePublished\":\"2025-04-07T22:56:36+00:00\",\"dateModified\":\"2026-01-24T20:00:46+00:00\",\"breadcrumb\":{\"@id\":\"https:\\\/\\\/utopyjeans.com\\\/product\\\/cielo\\\/#breadcrumb\"},\"inLanguage\":\"es-DO\",\"potentialAction\":[{\"@type\":\"ReadAction\",\"target\":[\"https:\\\/\\\/utopyjeans.com\\\/product\\\/cielo\\\/\"]}]},{\"@type\":\"ImageObject\",\"inLanguage\":\"es-DO\",\"@id\":\"https:\\\/\\\/utopyjeans.com\\\/product\\\/cielo\\\/#primaryimage\",\"url\":\"https:\\\/\\\/i0.wp.com\\\/utopyjeans.com\\\/wp-content\\\/uploads\\\/2025\\\/03\\\/11-Photoroom-5.png?fit=1080%2C1080&ssl=1\",\"contentUrl\":\"https:\\\/\\\/i0.wp.com\\\/utopyjeans.com\\\/wp-content\\\/uploads\\\/2025\\\/03\\\/11-Photoroom-5.png?fit=1080%2C1080&ssl=1\",\"width\":1080,\"height\":1080},{\"@type\":\"BreadcrumbList\",\"@id\":\"https:\\\/\\\/utopyjeans.com\\\/product\\\/cielo\\\/#breadcrumb\",\"itemListElement\":[{\"@type\":\"ListItem\",\"position\":1,\"name\":\"Home\",\"item\":\"https:\\\/\\\/utopyjeans.com\\\/\"},{\"@type\":\"ListItem\",\"position\":2,\"name\":\"Shop\",\"item\":\"http:\\\/\\\/box5505.temp.domains\\\/~utopyjea\\\/shop-2\\\/\"},{\"@type\":\"ListItem\",\"position\":3,\"name\":\"CIELO\"}]},{\"@type\":\"WebSite\",\"@id\":\"http:\\\/\\\/box5505.temp.domains\\\/~utopyjea\\\/#website\",\"url\":\"http:\\\/\\\/box5505.temp.domains\\\/~utopyjea\\\/\",\"name\":\"UTOPY\",\"description\":\"DARE TO BE BOLD\",\"potentialAction\":[{\"@type\":\"SearchAction\",\"target\":{\"@type\":\"EntryPoint\",\"urlTemplate\":\"http:\\\/\\\/box5505.temp.domains\\\/~utopyjea\\\/?s={search_term_string}\"},\"query-input\":{\"@type\":\"PropertyValueSpecification\",\"valueRequired\":true,\"valueName\":\"search_term_string\"}}],\"inLanguage\":\"es-DO\"}]}<\/script>\n<!-- \/ Yoast SEO plugin. -->","yoast_head_json":{"title":"CIELO - UTOPY","robots":{"index":"index","follow":"follow","max-snippet":"max-snippet:-1","max-image-preview":"max-image-preview:large","max-video-preview":"max-video-preview:-1"},"canonical":"https:\/\/utopyjeans.com\/es\/product\/cielo\/","og_locale":"es_ES","og_type":"article","og_title":"CIELO - UTOPY","og_description":"Chemise: Elegancia y Versatilidad CHEMISE est\u00e1 dise\u00f1ada para quienes buscan el equilibrio perfecto entre estilo y comodidad. Confeccionada con materiales de alta calidad y una atenci\u00f3n meticulosa a los detalles, cada pieza representa sofisticaci\u00f3n y modernidad. Ya sea para un look casual o para una ocasi\u00f3n especial, nuestras camisas se adaptan a tu estilo, ofreciendo...","og_url":"https:\/\/utopyjeans.com\/es\/product\/cielo\/","og_site_name":"UTOPY","article_modified_time":"2026-01-24T20:00:46+00:00","og_image":[{"width":1080,"height":1080,"url":"https:\/\/utopyjeans.com\/wp-content\/uploads\/2025\/03\/11-Photoroom-5.png","type":"image\/png"}],"twitter_card":"summary_large_image","twitter_misc":{"Est. reading time":"1 minuto"},"schema":{"@context":"https:\/\/schema.org","@graph":[{"@type":"WebPage","@id":"https:\/\/utopyjeans.com\/product\/cielo\/","url":"https:\/\/utopyjeans.com\/product\/cielo\/","name":"CIELO - UTOPY","isPartOf":{"@id":"http:\/\/box5505.temp.domains\/~utopyjea\/#website"},"primaryImageOfPage":{"@id":"https:\/\/utopyjeans.com\/product\/cielo\/#primaryimage"},"image":{"@id":"https:\/\/utopyjeans.com\/product\/cielo\/#primaryimage"},"thumbnailUrl":"https:\/\/i0.wp.com\/utopyjeans.com\/wp-content\/uploads\/2025\/03\/11-Photoroom-5.png?fit=1080%2C1080&ssl=1","datePublished":"2025-04-07T22:56:36+00:00","dateModified":"2026-01-24T20:00:46+00:00","breadcrumb":{"@id":"https:\/\/utopyjeans.com\/product\/cielo\/#breadcrumb"},"inLanguage":"es-DO","potentialAction":[{"@type":"ReadAction","target":["https:\/\/utopyjeans.com\/product\/cielo\/"]}]},{"@type":"ImageObject","inLanguage":"es-DO","@id":"https:\/\/utopyjeans.com\/product\/cielo\/#primaryimage","url":"https:\/\/i0.wp.com\/utopyjeans.com\/wp-content\/uploads\/2025\/03\/11-Photoroom-5.png?fit=1080%2C1080&ssl=1","contentUrl":"https:\/\/i0.wp.com\/utopyjeans.com\/wp-content\/uploads\/2025\/03\/11-Photoroom-5.png?fit=1080%2C1080&ssl=1","width":1080,"height":1080},{"@type":"BreadcrumbList","@id":"https:\/\/utopyjeans.com\/product\/cielo\/#breadcrumb","itemListElement":[{"@type":"ListItem","position":1,"name":"Home","item":"https:\/\/utopyjeans.com\/"},{"@type":"ListItem","position":2,"name":"Shop","item":"http:\/\/box5505.temp.domains\/~utopyjea\/shop-2\/"},{"@type":"ListItem","position":3,"name":"CIELO"}]},{"@type":"WebSite","@id":"http:\/\/box5505.temp.domains\/~utopyjea\/#website","url":"http:\/\/box5505.temp.domains\/~utopyjea\/","name":"UTOPY","description":"ATR\u00c9VETE A SER VALIENTE","potentialAction":[{"@type":"SearchAction","target":{"@type":"EntryPoint","urlTemplate":"http:\/\/box5505.temp.domains\/~utopyjea\/?s={search_term_string}"},"query-input":{"@type":"PropertyValueSpecification","valueRequired":true,"valueName":"search_term_string"}}],"inLanguage":"es-DO"}]}},"jetpack_sharing_enabled":true,"_links":{"self":[{"href":"https:\/\/utopyjeans.com\/es\/wp-json\/wp\/v2\/product\/8379","targetHints":{"allow":["GET"]}}],"collection":[{"href":"https:\/\/utopyjeans.com\/es\/wp-json\/wp\/v2\/product"}],"about":[{"href":"https:\/\/utopyjeans.com\/es\/wp-json\/wp\/v2\/types\/product"}],"version-history":[{"count":3,"href":"https:\/\/utopyjeans.com\/es\/wp-json\/wp\/v2\/product\/8379\/revisions"}],"predecessor-version":[{"id":9770,"href":"https:\/\/utopyjeans.com\/es\/wp-json\/wp\/v2\/product\/8379\/revisions\/9770"}],"wp:featuredmedia":[{"embeddable":true,"href":"https:\/\/utopyjeans.com\/es\/wp-json\/wp\/v2\/media\/6780"}],"wp:attachment":[{"href":"https:\/\/utopyjeans.com\/es\/wp-json\/wp\/v2\/media?parent=8379"}],"wp:term":[{"taxonomy":"product_brand","embeddable":true,"href":"https:\/\/utopyjeans.com\/es\/wp-json\/wp\/v2\/product_brand?post=8379"},{"taxonomy":"product_cat","embeddable":true,"href":"https:\/\/utopyjeans.com\/es\/wp-json\/wp\/v2\/product_cat?post=8379"},{"taxonomy":"product_tag","embeddable":true,"href":"https:\/\/utopyjeans.com\/es\/wp-json\/wp\/v2\/product_tag?post=8379"}],"curies":[{"name":"wp","href":"https:\/\/api.w.org\/{rel}","templated":true}]}}